{"id":3219,"date":"2015-08-04T14:16:56","date_gmt":"2015-08-04T14:16:56","guid":{"rendered":"http:\/\/www.pouleto.ch\/tdm\/?page_id=3219"},"modified":"2022-04-26T12:44:20","modified_gmt":"2022-04-26T10:44:20","slug":"a-propos-de-moi-basic","status":"publish","type":"page","link":"https:\/\/www.untourdumonde.ch\/index.php\/les-pfyffer\/a-propos-de-moi-basic\/","title":{"rendered":"Etienne"},"content":{"rendered":"<p><img decoding=\"async\" class=\"alignnone size-full wp-image-4317\" src=\"https:\/\/www.untourdumonde.ch\/wp-content\/uploads\/2016\/05\/Etienne.jpg\" alt=\"\" width=\"1990\" height=\"984\" srcset=\"https:\/\/www.untourdumonde.ch\/wp-content\/uploads\/2016\/05\/Etienne.jpg 1990w, https:\/\/www.untourdumonde.ch\/wp-content\/uploads\/2016\/05\/Etienne-300x148.jpg 300w, https:\/\/www.untourdumonde.ch\/wp-content\/uploads\/2016\/05\/Etienne-768x380.jpg 768w, https:\/\/www.untourdumonde.ch\/wp-content\/uploads\/2016\/05\/Etienne-1024x506.jpg 1024w\" sizes=\"(max-width: 1990px) 100vw, 1990px\" \/>Etienne est n\u00e9 en 1975, \u00e0 Sierre.<\/p>\n<p>Son truc, c&rsquo;est apprendre sans cesse de nouvelles choses, tester, tenter, comprendre par la pratique. D&rsquo;ailleurs, sa maxime pourrait \u00eatre \u00ab\u00a0Essayer d&rsquo;abord, r\u00e9fl\u00e9chir ensuite\u00a0\u00bb&#8230; (d&rsquo;ailleurs, n&rsquo;est-ce pas ce que l&rsquo;on fait lorsqu&rsquo;on se lance dans une aventure telle qu&rsquo;un tour du monde en famille, sac au dos ???)<\/p>\n<p>M\u00e9canique sur Fiat500, r\u00e9parations et travaux divers dans la maison, installation solaire en autoconstruction, mise en place de sites web, confection de foie gras ou de macarons, affinage de fromages sont quelques unes des activit\u00e9s qui occupent ses journ\u00e9es. Limite hyperactif d&rsquo;apr\u00e8s Anne, n&rsquo;aime juste pas \u00ab\u00a0rester \u00e0 ne rien faire\u00a0\u00bb d&rsquo;apr\u00e8s lui&#8230;<\/p>\n<p><strong>Adore<\/strong> : la famille, les copains, bien manger, rigoler, ceux qui tiennent ce qu&rsquo;ils promettent, se moquer, essayer<\/p>\n<p><strong>D\u00e9teste<\/strong> : le fenouil, les files d&rsquo;attente et la foule, la mauvaise foi (des autres, moi c&rsquo;est diff\u00e9rent&#8230;), les insectes qui volent sans qu&rsquo;on sache o\u00f9 ils vont aller, ne rien faire<\/p>\n<blockquote><p>Sociabilit\u00e9 : 85 \/ <span style=\"font-size: inherit;\">Patience : 70 \/ <\/span><span style=\"font-size: inherit;\">Organisation : 80 \/ <\/span><span style=\"font-size: inherit;\">Capable de dormir partout : 90<\/span><\/p><\/blockquote>\n<p><strong>Ce qu&rsquo;en disent les autres membres de la famille :\u00a0<\/strong><\/p>\n<p>Loui : \u00ab\u00a0Il sait bien bricoler\u00a0\u00bb<\/p>\n<p>Mathilde : \u00ab\u00a0Papa il sait bien cuisiner, et il lit trop bien les histoires\u00a0\u00bb<\/p>\n<p>Arno : \u00ab\u00a0Il est tr\u00e8s blagueur\u00a0\u00bb<\/p>\n<p>Anne : \u00ab\u00a0C&rsquo;est mon Mc Gyver, mon super h\u00e9ros!\u00a0\u00bb<\/p>\n","protected":false},"excerpt":{"rendered":"<p>Etienne est n\u00e9 en 1975, \u00e0 Sierre. Son truc, c&rsquo;est apprendre sans cesse de nouvelles choses, tester, tenter, comprendre par la pratique. D&rsquo;ailleurs, sa maxime [&#8230;]<\/p>\n","protected":false},"author":1,"featured_media":0,"parent":3323,"menu_order":0,"comment_status":"open","ping_status":"open","template":"","meta":{"jetpack_post_was_ever_published":false},"_links":{"self":[{"href":"https:\/\/www.untourdumonde.ch\/index.php\/wp-json\/wp\/v2\/pages\/3219"}],"collection":[{"href":"https:\/\/www.untourdumonde.ch\/index.php\/wp-json\/wp\/v2\/pages"}],"about":[{"href":"https:\/\/www.untourdumonde.ch\/index.php\/wp-json\/wp\/v2\/types\/page"}],"author":[{"embeddable":true,"href":"https:\/\/www.untourdumonde.ch\/index.php\/wp-json\/wp\/v2\/users\/1"}],"replies":[{"embeddable":true,"href":"https:\/\/www.untourdumonde.ch\/index.php\/wp-json\/wp\/v2\/comments?post=3219"}],"version-history":[{"count":26,"href":"https:\/\/www.untourdumonde.ch\/index.php\/wp-json\/wp\/v2\/pages\/3219\/revisions"}],"predecessor-version":[{"id":14021,"href":"https:\/\/www.untourdumonde.ch\/index.php\/wp-json\/wp\/v2\/pages\/3219\/revisions\/14021"}],"up":[{"embeddable":true,"href":"https:\/\/www.untourdumonde.ch\/index.php\/wp-json\/wp\/v2\/pages\/3323"}],"wp:attachment":[{"href":"https:\/\/www.untourdumonde.ch\/index.php\/wp-json\/wp\/v2\/media?parent=3219"}],"curies":[{"name":"wp","href":"https:\/\/api.w.org\/{rel}","templated":true}]}}