{"id":3317,"date":"2015-08-15T08:14:25","date_gmt":"2015-08-15T08:14:25","guid":{"rendered":"http:\/\/www.pouleto.ch\/tdm\/?page_id=3317"},"modified":"2022-04-26T12:34:35","modified_gmt":"2022-04-26T10:34:35","slug":"mathilde-2","status":"publish","type":"page","link":"https:\/\/www.untourdumonde.ch\/index.php\/les-pfyffer\/mathilde-2\/","title":{"rendered":"Mathilde"},"content":{"rendered":"<p><img decoding=\"async\" class=\"alignnone wp-image-4313 size-full\" src=\"https:\/\/www.untourdumonde.ch\/wp-content\/uploads\/2016\/05\/Mathilde.jpg\" alt=\"\" width=\"1990\" height=\"929\" srcset=\"https:\/\/www.untourdumonde.ch\/wp-content\/uploads\/2016\/05\/Mathilde.jpg 1990w, https:\/\/www.untourdumonde.ch\/wp-content\/uploads\/2016\/05\/Mathilde-300x140.jpg 300w, https:\/\/www.untourdumonde.ch\/wp-content\/uploads\/2016\/05\/Mathilde-768x359.jpg 768w, https:\/\/www.untourdumonde.ch\/wp-content\/uploads\/2016\/05\/Mathilde-1024x478.jpg 1024w\" sizes=\"(max-width: 1990px) 100vw, 1990px\" \/><\/p>\n<p>Mathilde\u00a0est n\u00e9e en 2010.<\/p>\n<p>Mathilde, c&rsquo;est un sacr\u00e9 caract\u00e8re (in\u00e9vitable quand on est la petite soeur de deux gar\u00e7ons&#8230;). Elle adore la danse, le chant, faire des spectacles, et sait mieux que personne entrer dans des mondes imaginaires dans lesquels elle imite et rejoue fid\u00e8lement des sc\u00e8nes des jours pass\u00e9s avec ses poup\u00e9es et ses jouets. Son r\u00e9gime id\u00e9al serait constitu\u00e9 d&rsquo;un solide petit d\u00e9jeuner, puis d&rsquo;en-cas plus ou moins chocolat\u00e9s tout au long de la journ\u00e9e plut\u00f4t que de repas pris assise \u00e0 table.<\/p>\n<p><strong>Adore<\/strong> : le chocolat (sp\u00e9cialement le blanc), les p\u00e2tes, sa maman<\/p>\n<p><strong>D\u00e9teste<\/strong> : qu&rsquo;on se moque d&rsquo;elle, les \u00e9tiquettes des habits qui grattent, les plis dans les chaussettes, et ne plus avoir maman dans le champ de vision<\/p>\n<blockquote><p>Sociabilit\u00e9 65 \/ <span style=\"font-size: inherit;\">Patience : 0 \/ <\/span><span style=\"font-size: inherit;\">Organisation : 50 \/ <\/span><span style=\"font-size: inherit;\">Capable de dormir partout : 85<\/span><\/p><\/blockquote>\n<p><strong>Ce que les autres membres de la famille en disent :<\/strong><\/p>\n<ul>\n<li>Anne : \u00ab\u00a0Comme un moelleux au chocolat: un ext\u00e9rieur un peu dur, et un int\u00e9rieur tout tendre&#8230;\u00a0\u00bb<\/li>\n<li>Louis : \u00ab\u00a0Quand elle ne nous crie pas dessus elle est trop mignonne ! \u00ab\u00a0<\/li>\n<li>Arno : \u00ab\u00a0Elle fait trop bien la maman des poup\u00e9es\u00a0\u00bb<\/li>\n<li>Etienne : \u00ab\u00a0C&rsquo;est ma petite princesse mais attention en quelques secondes elle peut se transformer en Minion Violet<\/li>\n<\/ul>\n","protected":false},"excerpt":{"rendered":"<p>Mathilde\u00a0est n\u00e9e en 2010. Mathilde, c&rsquo;est un sacr\u00e9 caract\u00e8re (in\u00e9vitable quand on est la petite soeur de deux gar\u00e7ons&#8230;). Elle adore la danse, le chant, [&#8230;]<\/p>\n","protected":false},"author":1,"featured_media":0,"parent":3323,"menu_order":0,"comment_status":"open","ping_status":"closed","template":"","meta":{"jetpack_post_was_ever_published":false},"_links":{"self":[{"href":"https:\/\/www.untourdumonde.ch\/index.php\/wp-json\/wp\/v2\/pages\/3317"}],"collection":[{"href":"https:\/\/www.untourdumonde.ch\/index.php\/wp-json\/wp\/v2\/pages"}],"about":[{"href":"https:\/\/www.untourdumonde.ch\/index.php\/wp-json\/wp\/v2\/types\/page"}],"author":[{"embeddable":true,"href":"https:\/\/www.untourdumonde.ch\/index.php\/wp-json\/wp\/v2\/users\/1"}],"replies":[{"embeddable":true,"href":"https:\/\/www.untourdumonde.ch\/index.php\/wp-json\/wp\/v2\/comments?post=3317"}],"version-history":[{"count":16,"href":"https:\/\/www.untourdumonde.ch\/index.php\/wp-json\/wp\/v2\/pages\/3317\/revisions"}],"predecessor-version":[{"id":14015,"href":"https:\/\/www.untourdumonde.ch\/index.php\/wp-json\/wp\/v2\/pages\/3317\/revisions\/14015"}],"up":[{"embeddable":true,"href":"https:\/\/www.untourdumonde.ch\/index.php\/wp-json\/wp\/v2\/pages\/3323"}],"wp:attachment":[{"href":"https:\/\/www.untourdumonde.ch\/index.php\/wp-json\/wp\/v2\/media?parent=3317"}],"curies":[{"name":"wp","href":"https:\/\/api.w.org\/{rel}","templated":true}]}}