{"id":3467,"date":"2015-09-01T09:12:08","date_gmt":"2015-09-01T09:12:08","guid":{"rendered":"http:\/\/www.pouleto.ch\/tdm\/?page_id=3467"},"modified":"2022-04-26T12:41:42","modified_gmt":"2022-04-26T10:41:42","slug":"anne","status":"publish","type":"page","link":"https:\/\/www.untourdumonde.ch\/index.php\/les-pfyffer\/anne\/","title":{"rendered":"Anne"},"content":{"rendered":"<p><img decoding=\"async\" class=\"alignnone size-full wp-image-4319\" src=\"https:\/\/www.untourdumonde.ch\/wp-content\/uploads\/2016\/05\/Anne.jpg\" alt=\"\" width=\"1990\" height=\"932\" srcset=\"https:\/\/www.untourdumonde.ch\/wp-content\/uploads\/2016\/05\/Anne.jpg 1990w, https:\/\/www.untourdumonde.ch\/wp-content\/uploads\/2016\/05\/Anne-300x141.jpg 300w, https:\/\/www.untourdumonde.ch\/wp-content\/uploads\/2016\/05\/Anne-768x360.jpg 768w, https:\/\/www.untourdumonde.ch\/wp-content\/uploads\/2016\/05\/Anne-1024x480.jpg 1024w\" sizes=\"(max-width: 1990px) 100vw, 1990px\" \/>Anne est n\u00e9e en 1977, \u00e0 Sierre.<\/p>\n<p>D\u00e9testant parler d&rsquo;elle,\u00a0difficile de se pr\u00e9senter&#8230; Jonglant entre le travail, les enfants, la maison, Anne n&rsquo;a rien de la Wonder Woman que l&rsquo;on nous montre dans les publicit\u00e9s (celle, avec son sourire Pepsodent, qui est toute la journ\u00e9e bien coiff\u00e9e, avec des enfants sages comme des images qui font leurs devoirs de bon c\u0153ur et qui aident au m\u00e9nage, qui a une maison toute propre et le frigo plein de l\u00e9gumes bio qu&rsquo;elle cuisine en chantant&#8230;). Elle ressemble plut\u00f4t \u00e0 une \u00e9quilibriste, tentant jour apr\u00e8s jour de faire tenir ce beau ch\u00e2teau de cartes qu&rsquo;est le quotidien. D&rsquo;un naturel plut\u00f4t joyeux, elle aime le plus souvent s&rsquo;amuser de cette situation (ce qui est bien avec un mari presque hyperactif&#8230;)<\/p>\n<p><strong>Adore<\/strong> : la famille, le chocolat, \u00a0le chocolat, le chocolat, les p&rsquo;tits caf\u00e9s entre copines, et les blagues \u00e0 Etienne<\/p>\n<p><strong>D\u00e9teste<\/strong> :\u00a0les gens qui font toujours la t\u00eate, les conducteurs qui ne mettent pas leur clignotant, et les personnes qui s&rsquo;engouffrent dans l&rsquo;ascenseur avant de laisser sortir celles qui sont dedans.<\/p>\n<blockquote><p>Sociabilit\u00e9 : 70 \/ <span style=\"font-size: inherit;\">Patience : 90 \/ <\/span><span style=\"font-size: inherit;\">Organisation : 95 \/ <\/span><span style=\"font-size: inherit;\">Capable de dormir partout : 2<\/span><\/p><\/blockquote>\n<p><strong>Ce qu&rsquo;en disent les autres membres de la famille :\u00a0<\/strong><\/p>\n<ul>\n<li>Louis : \u00ab\u00a0Maman c&rsquo;est la championne pour trouver des solutions\u00a0\u00bb<\/li>\n<li>Mathilde : \u00ab\u00a0C&rsquo;est une super maman, elle nous fait tout le temps des bisous\u00a0\u00bb<\/li>\n<li>Arno : \u00ab\u00a0Ce que j&rsquo;aime c&rsquo;est qu&rsquo;elle est toujours de bonne humeur\u00a0\u00bb<\/li>\n<li>Etienne : \u00ab\u00a0Elle supporte mes blagues \u00e0 deux balles depuis toutes ces ann\u00e9es&#8230; et ce n&rsquo;est que le d\u00e9but \u00ab\u00a0<\/li>\n<\/ul>\n","protected":false},"excerpt":{"rendered":"<p>Anne est n\u00e9e en 1977, \u00e0 Sierre. D\u00e9testant parler d&rsquo;elle,\u00a0difficile de se pr\u00e9senter&#8230; Jonglant entre le travail, les enfants, la maison, Anne n&rsquo;a rien de [&#8230;]<\/p>\n","protected":false},"author":1,"featured_media":0,"parent":3323,"menu_order":0,"comment_status":"closed","ping_status":"closed","template":"","meta":{"jetpack_post_was_ever_published":false},"_links":{"self":[{"href":"https:\/\/www.untourdumonde.ch\/index.php\/wp-json\/wp\/v2\/pages\/3467"}],"collection":[{"href":"https:\/\/www.untourdumonde.ch\/index.php\/wp-json\/wp\/v2\/pages"}],"about":[{"href":"https:\/\/www.untourdumonde.ch\/index.php\/wp-json\/wp\/v2\/types\/page"}],"author":[{"embeddable":true,"href":"https:\/\/www.untourdumonde.ch\/index.php\/wp-json\/wp\/v2\/users\/1"}],"replies":[{"embeddable":true,"href":"https:\/\/www.untourdumonde.ch\/index.php\/wp-json\/wp\/v2\/comments?post=3467"}],"version-history":[{"count":31,"href":"https:\/\/www.untourdumonde.ch\/index.php\/wp-json\/wp\/v2\/pages\/3467\/revisions"}],"predecessor-version":[{"id":14019,"href":"https:\/\/www.untourdumonde.ch\/index.php\/wp-json\/wp\/v2\/pages\/3467\/revisions\/14019"}],"up":[{"embeddable":true,"href":"https:\/\/www.untourdumonde.ch\/index.php\/wp-json\/wp\/v2\/pages\/3323"}],"wp:attachment":[{"href":"https:\/\/www.untourdumonde.ch\/index.php\/wp-json\/wp\/v2\/media?parent=3467"}],"curies":[{"name":"wp","href":"https:\/\/api.w.org\/{rel}","templated":true}]}}