{"id":3473,"date":"2015-09-01T09:16:00","date_gmt":"2015-09-01T09:16:00","guid":{"rendered":"http:\/\/www.pouleto.ch\/tdm\/?page_id=3473"},"modified":"2022-04-26T12:38:11","modified_gmt":"2022-04-26T10:38:11","slug":"louis","status":"publish","type":"page","link":"https:\/\/www.untourdumonde.ch\/index.php\/les-pfyffer\/louis\/","title":{"rendered":"Louis"},"content":{"rendered":"<p><img decoding=\"async\" class=\"alignnone wp-image-4314 size-full\" src=\"https:\/\/www.untourdumonde.ch\/wp-content\/uploads\/2016\/05\/Louis.jpg\" alt=\"\" width=\"1990\" height=\"1002\" srcset=\"https:\/\/www.untourdumonde.ch\/wp-content\/uploads\/2016\/05\/Louis.jpg 1990w, https:\/\/www.untourdumonde.ch\/wp-content\/uploads\/2016\/05\/Louis-300x151.jpg 300w, https:\/\/www.untourdumonde.ch\/wp-content\/uploads\/2016\/05\/Louis-768x387.jpg 768w, https:\/\/www.untourdumonde.ch\/wp-content\/uploads\/2016\/05\/Louis-1024x516.jpg 1024w\" sizes=\"(max-width: 1990px) 100vw, 1990px\" \/><\/p>\n<p>Louis\u00a0est n\u00e9 en 2006.<\/p>\n<p>Louis est l&rsquo;a\u00een\u00e9 des trois enfants, avec tout ce que cela implique !<\/p>\n<p>Une sensibilit\u00e9 \u00e0 fleur de peau, une capacit\u00e9 tant \u00e0 s&rsquo;\u00e9mouvoir qu&rsquo;\u00e0 \u00e9clater de rire. Il d\u00e9vore les livres, du r\u00e9veil au coucher. A l&rsquo;\u00e9cole, il est le champion pour\u00a0distraire et faire rire les autres&#8230; ou pour poser et reposer des questions sur tout (ce qu&rsquo;il fait surtout \u00e0 la maison).<\/p>\n<p>Footballeur dans le club du village et durant les r\u00e9cr\u00e9s, il aime passer du temps avec ses copains, parfois devant un \u00e9cran, souvent \u00e0 faire du BMX ou \u00e0 taper dans un ballon. Durant la saison d&rsquo;hiver, il aime faire du ski.<\/p>\n<p><strong>Adore<\/strong> : la famille, le sport, les copains<\/p>\n<p><strong>D\u00e9teste<\/strong> : la soupe, la p\u00eache, les maths et les devoirs<\/p>\n<blockquote><p>Sociabilit\u00e9 : 65 \/ Patience : 20 \/\u00a0Organisation : 15 \/\u00a0Capable de dormir partout : 85<\/p><\/blockquote>\n<p><strong>Ce qu&rsquo;en disent les autres membres de la famille :\u00a0<\/strong><\/p>\n<ul>\n<li>Anne : \u00ab\u00a0Un temp\u00e9rament joyeux et un super humour (tout comme son p\u00e8re&#8230;)\u00a0\u00bb<\/li>\n<li>Mathilde : \u00ab\u00a0Louis c&rsquo;est le roi des LEGO\u00a0\u00bb<\/li>\n<li>Arno : \u00ab\u00a0Il chante vraiment tr\u00e8s bien\u00a0\u00bb<\/li>\n<li>Etienne : \u00ab\u00a0Un grand bonhomme plein de peps et d&rsquo;humour sous une tignasse un peu trop longue \u00e0 mon go\u00fbt \ud83d\ude42\u00a0\u00bb<\/li>\n<\/ul>\n","protected":false},"excerpt":{"rendered":"<p>Louis\u00a0est n\u00e9 en 2006. Louis est l&rsquo;a\u00een\u00e9 des trois enfants, avec tout ce que cela implique ! Une sensibilit\u00e9 \u00e0 fleur de peau, une capacit\u00e9 [&#8230;]<\/p>\n","protected":false},"author":1,"featured_media":0,"parent":3323,"menu_order":0,"comment_status":"closed","ping_status":"closed","template":"","meta":{"jetpack_post_was_ever_published":false},"_links":{"self":[{"href":"https:\/\/www.untourdumonde.ch\/index.php\/wp-json\/wp\/v2\/pages\/3473"}],"collection":[{"href":"https:\/\/www.untourdumonde.ch\/index.php\/wp-json\/wp\/v2\/pages"}],"about":[{"href":"https:\/\/www.untourdumonde.ch\/index.php\/wp-json\/wp\/v2\/types\/page"}],"author":[{"embeddable":true,"href":"https:\/\/www.untourdumonde.ch\/index.php\/wp-json\/wp\/v2\/users\/1"}],"replies":[{"embeddable":true,"href":"https:\/\/www.untourdumonde.ch\/index.php\/wp-json\/wp\/v2\/comments?post=3473"}],"version-history":[{"count":14,"href":"https:\/\/www.untourdumonde.ch\/index.php\/wp-json\/wp\/v2\/pages\/3473\/revisions"}],"predecessor-version":[{"id":14017,"href":"https:\/\/www.untourdumonde.ch\/index.php\/wp-json\/wp\/v2\/pages\/3473\/revisions\/14017"}],"up":[{"embeddable":true,"href":"https:\/\/www.untourdumonde.ch\/index.php\/wp-json\/wp\/v2\/pages\/3323"}],"wp:attachment":[{"href":"https:\/\/www.untourdumonde.ch\/index.php\/wp-json\/wp\/v2\/media?parent=3473"}],"curies":[{"name":"wp","href":"https:\/\/api.w.org\/{rel}","templated":true}]}}