{"id":3717,"date":"2015-09-28T06:49:33","date_gmt":"2015-09-28T06:49:33","guid":{"rendered":"http:\/\/www.untourdumonde.ch\/?page_id=3717"},"modified":"2022-04-26T15:33:33","modified_gmt":"2022-04-26T13:33:33","slug":"au-commencement","status":"publish","type":"page","link":"https:\/\/www.untourdumonde.ch\/index.php\/le-projet\/au-commencement\/","title":{"rendered":"Au commencement&#8230;"},"content":{"rendered":"<p>Mais d&rsquo;o\u00f9 un tel projet peut-il venir ?<\/p>\n<p>Depuis des ann\u00e9es, nous nous disions que nous partirons, un jour, pour une exp\u00e9rience \u00e0 l&rsquo;\u00e9tranger. On avait plut\u00f4t en t\u00eate une longue p\u00e9riode dans un autre pays, o\u00f9 on trouverait peut-\u00eatre un travail pour quelques mois&#8230;<br \/>\nPuis il y a eu les enfants&#8230;<br \/>\nPuis il y a eu la maison&#8230;<br \/>\nMais l&rsquo;id\u00e9e de partir \u00e9tait toujours pr\u00e9sente, m\u00eame si elle revenait plut\u00f4t sous forme de blague que de r\u00e9el projet.<br \/>\nOn a eu la chance d&rsquo;exp\u00e9rimenter des \u00e9changes de maison pour nos vacances, et ce faisant de se rendre compte de la richesse de ce genre d&rsquo;\u00e9change, de voir que dans une autre maison, c&rsquo;est diff\u00e9rent, mais tout aussi bien ! Que d&rsquo;autres personnes peuvent faire des choses d&rsquo;une autre mani\u00e8re, que l&rsquo;on trouve \u00e9trange au premier abord, mais qui, au final, sont tout autant bien que ce que l&rsquo;on aurait fait chez nous.<br \/>\nOn a pris, par deux fois, du temps pour allier travail (de Anne) et voyage de moyenne dur\u00e9e. Deux \u00e9t\u00e9s complets, pass\u00e9s en Gr\u00e8ce en famille&#8230; Des magnifiques moments, des souvenirs qui ressortent encore chaque semaine dans nos discussions. Un r\u00e9el bonheur !<br \/>\nIl y avait aussi cette envie de voir, de d\u00e9couvrir, et de montrer aux enfants que si nous vivons dans un contexte que nous prenons comme la norme, il y a, partout dans ce monde, d&rsquo;autres mani\u00e8res de voir les choses, d&rsquo;autres mani\u00e8res de les faire, parfois surprenantes, mais qui ne sont ni mieux, ni moins bien&#8230; Qui sont simplement diff\u00e9rentes&#8230;<\/p>\n<p><img decoding=\"async\" class=\"size-full wp-image-3729 aligncenter\" src=\"https:\/\/www.untourdumonde.ch\/wp-content\/uploads\/2015\/09\/other-way.jpg\" alt=\"\" width=\"284\" height=\"177\" \/><\/p>\n<p>Et puis il y a des d\u00e9tails, des mots, rien de bien pr\u00e9cis, mais une s\u00e9rie de petites choses qui renforcent ce projet dans nos esprits.<br \/>\nEn particulier, on a regard\u00e9 un jour un bien joli documentaire sur la M\u00e9diterran\u00e9e de Yann Arthus-Bertrand (<a href=\"http:\/\/www.yannarthusbertrand.org\/fr\/films-tv\/mediterranee-notre-mer-a-tous\" target=\"_blank\" rel=\"noopener\">lien vers le site du film<\/a>). Apr\u00e8s l&rsquo;avoir regard\u00e9, nous nous sommes projet\u00e9s en voyage autour de la M\u00e9diterran\u00e9e, en famille, durant plusieurs mois. Sans trop savoir quand ni comment&#8230; Ce n&rsquo;\u00e9tait pas \u00e7a l&rsquo;important. L&rsquo;important c&rsquo;\u00e9tait que, d\u00e8s ce moment-l\u00e0, ce n&rsquo;\u00e9tait plus un simple r\u00eave, mais bien un projet.<\/p>\n<p>Petit \u00e0 petit, l&rsquo;id\u00e9e de sortir de sa zone de confort a fait son chemin&#8230; Et un jour, on est tomb\u00e9 sur cette petite vid\u00e9o bien sympa qui r\u00e9sumait bien ce que l&rsquo;on pouvait avoir en t\u00eate et nos attentes par rapport \u00e0 notre vie de maintenant et \u00e0 notre vision de ce projet :<\/p>\n<p><span class=\"embed-youtube\" style=\"text-align:center; display: block;\"><iframe class=\"youtube-player\" width=\"800\" height=\"450\" src=\"https:\/\/www.youtube.com\/embed\/f6uOABlKJeg?version=3&#038;rel=1&#038;showsearch=0&#038;showinfo=1&#038;iv_load_policy=1&#038;fs=1&#038;hl=fr-FR&#038;autohide=2&#038;wmode=transparent\" allowfullscreen=\"true\" style=\"border:0;\" sandbox=\"allow-scripts allow-same-origin allow-popups allow-presentation\"><\/iframe><\/span><\/p>\n<p>Comme dans tous les projets, il y a ensuite eu plusieurs phases&#8230;<\/p>\n<p>Les balbutiements&#8230; On savait qu&rsquo;on allait partir, on savait qu&rsquo;on voulait prendre le temps de faire le tour de la M\u00e9diterrann\u00e9e, mais sans savoir quand ni comment. Internet, quelques forums et les cartes g\u00e9opolitiques du moment sont venus rapidement nous rappeler la r\u00e9alit\u00e9 de notre monde, du moins de la partie qu&rsquo;on voulait visiter. Guerres, terrorisme, maladies, fronti\u00e8res ferm\u00e9es etc&#8230; \u00e9taient tant d&rsquo;obstacles \u00e0 ce projet ! Entre l&rsquo;Afrique du Nord, toujours instable, et les pays du Proche-Orient qui traversent l&rsquo;une des pire crise que la r\u00e9gion ait connue, nous avons d\u00fb nous rendre \u00e0 l&rsquo;\u00e9vidence : ce projet de tour de la Grande Bleue \u00e9tait simplement irr\u00e9alisable pour nous. Bien qu&rsquo;un voyage r\u00e9serve toujours une part d&rsquo;inattendu, nous voulons \u00e0 tous prix minimiser les risques ! C&rsquo;est donc en nous basant sur la carte \u00ab\u00a0Global peace index\u00a0\u00bb (<a href=\"https:\/\/fr.wikipedia.org\/wiki\/Global_Peace_Index\" target=\"_blank\" rel=\"noopener\">Lien wikipedia<\/a>) que nous commen\u00e7ons \u00e0 \u00e9tablir un itin\u00e9raire.<\/p>\n<p>Niveau moyens de transport, nous avons d&rsquo;abord \u00e9t\u00e9 s\u00e9duits par l&rsquo;id\u00e9e de voyager en camping car. Les t\u00e9moignages sur le net sont nombreux, les familles qui troquent maison contre un camping car ne sont plus rares. En parcourant leurs aventures, nous nous rendons compte que ce moyen de transport implique, pour \u00eatre vivable, un espace \u00ab\u00a0isol\u00e9\u00a0\u00bb et permanent pour chaque enfant. \u00ab\u00a0A chacun sa chambre\u00a0\u00bb en somme, quitte \u00e0 ce que la chambre soit le lit avec un rideau devant. Avec 3 enfants, cela impliquait un camping car \u00ab\u00a0hors normes\u00a0\u00bb, car tous proposent soit 2 lits superpos\u00e9s, soit des lits \u00e0 construire chaque soir. Seuls quelques mod\u00e8les proposent trois lits superpos\u00e9s pour les enfants&#8230; Autant dire que cette exclusivit\u00e9 rendait la recherche de la perle rare difficile, tant au niveau de la disponibilit\u00e9 que du prix ! A cela, il faut encore ajouter un prix important (plusieurs milliers de francs \u00e0 chaque travers\u00e9e) pour faire transiter le camping car entre deux continents par cargo, somme qu&rsquo;il faut ajouter aux billets d&rsquo;avion de la famille. Bref, autant d&rsquo;obstacles qui nous ont rapidement fait abandonner l&rsquo;id\u00e9e du camping car.<\/p>\n<p>Compte tenu du budget qui sera le n\u00f4tre, la solution du voyage \u00ab\u00a0sac au dos\u00a0\u00bb est celle qui semble la plus r\u00e9alisable. C&rsquo;est donc en avion que nous rallierons les divers continents, et en voiture de location, en camper, en vol interne, en bus, train, tuktuk etc&#8230; que nous voyagerons !<\/p>\n","protected":false},"excerpt":{"rendered":"<p>Mais d&rsquo;o\u00f9 un tel projet peut-il venir ? Depuis des ann\u00e9es, nous nous disions que nous partirons, un jour, pour une exp\u00e9rience \u00e0 l&rsquo;\u00e9tranger. On [&#8230;]<\/p>\n","protected":false},"author":1,"featured_media":0,"parent":3803,"menu_order":0,"comment_status":"closed","ping_status":"closed","template":"","meta":{"jetpack_post_was_ever_published":false},"_links":{"self":[{"href":"https:\/\/www.untourdumonde.ch\/index.php\/wp-json\/wp\/v2\/pages\/3717"}],"collection":[{"href":"https:\/\/www.untourdumonde.ch\/index.php\/wp-json\/wp\/v2\/pages"}],"about":[{"href":"https:\/\/www.untourdumonde.ch\/index.php\/wp-json\/wp\/v2\/types\/page"}],"author":[{"embeddable":true,"href":"https:\/\/www.untourdumonde.ch\/index.php\/wp-json\/wp\/v2\/users\/1"}],"replies":[{"embeddable":true,"href":"https:\/\/www.untourdumonde.ch\/index.php\/wp-json\/wp\/v2\/comments?post=3717"}],"version-history":[{"count":9,"href":"https:\/\/www.untourdumonde.ch\/index.php\/wp-json\/wp\/v2\/pages\/3717\/revisions"}],"predecessor-version":[{"id":14047,"href":"https:\/\/www.untourdumonde.ch\/index.php\/wp-json\/wp\/v2\/pages\/3717\/revisions\/14047"}],"up":[{"embeddable":true,"href":"https:\/\/www.untourdumonde.ch\/index.php\/wp-json\/wp\/v2\/pages\/3803"}],"wp:attachment":[{"href":"https:\/\/www.untourdumonde.ch\/index.php\/wp-json\/wp\/v2\/media?parent=3717"}],"curies":[{"name":"wp","href":"https:\/\/api.w.org\/{rel}","templated":true}]}}