{"id":3731,"date":"2015-09-29T13:55:23","date_gmt":"2015-09-29T13:55:23","guid":{"rendered":"http:\/\/www.untourdumonde.ch\/?page_id=3731"},"modified":"2022-04-26T13:50:47","modified_gmt":"2022-04-26T11:50:47","slug":"les-assurances","status":"publish","type":"page","link":"https:\/\/www.untourdumonde.ch\/index.php\/preparatifs\/les-assurances\/","title":{"rendered":"Les assurances"},"content":{"rendered":"<figure id=\"attachment_3859\" aria-describedby=\"caption-attachment-3859\" style=\"width: 1401px\" class=\"wp-caption alignnone\"><img decoding=\"async\" class=\"size-full wp-image-3859\" src=\"https:\/\/www.untourdumonde.ch\/wp-content\/uploads\/2015\/10\/trousse-pharmacie-cambodge-Large.jpg\" alt=\"\" width=\"1401\" height=\"1080\" srcset=\"https:\/\/www.untourdumonde.ch\/wp-content\/uploads\/2015\/10\/trousse-pharmacie-cambodge-Large.jpg 1401w, https:\/\/www.untourdumonde.ch\/wp-content\/uploads\/2015\/10\/trousse-pharmacie-cambodge-Large-300x231.jpg 300w, https:\/\/www.untourdumonde.ch\/wp-content\/uploads\/2015\/10\/trousse-pharmacie-cambodge-Large-1024x789.jpg 1024w\" sizes=\"(max-width: 1401px) 100vw, 1401px\" \/><figcaption id=\"caption-attachment-3859\" class=\"wp-caption-text\">Stethoscope and First Aid Kit isolated<\/figcaption><\/figure>\n<p>Venant de Suisse, nous sommes confront\u00e9s \u00e0 un probl\u00e8me que peu de site et blogs francophones relatent : le probl\u00e8me des assurances maladie! Bien que nous ayons trouv\u00e9 des informations sur le super site <a href=\"http:\/\/www.novo-monde.com\/article-choisir-meilleure-assurance-voyage.php\" target=\"_blank\" rel=\"noopener\">novo-monde.com<\/a> cela ne sera pas vraiment utile. En effet, nous serons dans une situation diff\u00e9rente de celle de Beno\u00eet et Fabienne, les deux \u00ab\u00a0animateurs\u00a0\u00bb de ce blog. Si en effet ils sont suisses, ils ont, contrairement \u00e0 nous, d\u00e9cid\u00e9 de prendre le statut de Globe trotter qui permet de ne plus avoir l&rsquo;obligation de conserver son assurance Lamal.<\/p>\n<p>De notre c\u00f4t\u00e9 donc, nous laisserons nos papiers dans notre commune suisse, nous serons simplement \u00ab\u00a0en grandes vacances\u00a0\u00bb, et donc toujours affili\u00e9s \u00e0 l&rsquo;assurance maladie suisse obligatoire, et aussi toujours contribuables valaisans.<\/p>\n<p>La situation en terme d&rsquo;assurance maladie et accidents est donc simple : impossible de profiter d&rsquo;offres telles que souvent pr\u00e9sent\u00e9es sur les sites de voyage, assurances qui offrent dans un m\u00eame package la couverture maladie, accident, annulation, bagages, assistance juridique, RC et je ne sais quoi encore pour quelques centaines de francs (Chapka et cie). Bien moins cher que notre assurance Lamal + compl\u00e9mentaires, qui nous co\u00fbtent plus de 1&rsquo;500.- chf par mois pour la famille enti\u00e8re. Nous garderons donc notre pack d&rsquo;assurances durant le voyage, c&rsquo;est \u00e0 nos yeux un pr\u00e9requis pour pouvoir vivre cette aventure sereinement.\u00a0 Cette d\u00e9pense sera en partie balanc\u00e9e par les allocations familiales auxquelles nous aurons droit d\u00e8s le 1er janvier 2017, allocations pour personnes sans activit\u00e9 lucrative qui sont identiques aux allocations \u00ab\u00a0standard\u00a0\u00bb (275.- \/ enfant et 375.- d\u00e8s le 3\u00e8, soit pour nous un montant de 925.- \/ mois. (<a href=\"http:\/\/www.bsv.admin.ch\/themen\/zulagen\/00059\/02246\/?lang=fr#sprungmarke1_5\" target=\"_blank\" rel=\"noopener\">toutes les infos sur cette allocations sur cette page et aupr\u00e8s de votre caisse de compensation)<\/a>. On aura donc \u00e0 pr\u00e9voir dans notre budget la diff\u00e9rence (env. 500.- chf x 12 mois = 6&rsquo;000.-) pour ne pas devoir piocher dans notre budget voyage.<\/p>\n<p>Mis \u00e0 part l&rsquo;assurance \u00ab\u00a0sant\u00e9\u00a0\u00bb qui couvre les frais de maladie et d&rsquo;accident, divers autre aspects devront \u00eatre couverts par nos assurances :<\/p>\n<ul>\n<li>Responsabilit\u00e9 civile priv\u00e9e<\/li>\n<li>Assurance annulation<\/li>\n<li>Assurance bagages<\/li>\n<li>Assurance vol<\/li>\n<li>Eventuellement assistance juridique<\/li>\n<\/ul>\n<p>En parcourant les divers risques couverts par notre assurance RC priv\u00e9e et b\u00e2timent actuelle, on a pu constater qu&rsquo;on b\u00e9n\u00e9ficiait d\u00e9j\u00e0 d&rsquo;une bonne couverture pour la responsabilit\u00e9 civile priv\u00e9e, les bagages (perte et d\u00e9t\u00e9rioration), le vol et l&rsquo;assurance juridique. Une simple adaptation des montants assur\u00e9s pour garantir de ne pas se retrouver le bec dans l&rsquo;eau et voil\u00e0 d\u00e9j\u00e0 une bonne partie du boulot des assurances est OK !<\/p>\n<p>Reste \u00e0 trouver une assurance annulation qui couvre le monde entier pour toute la p\u00e9riode entre l&rsquo;achat des billets et la date de d\u00e9part pour assurer qu&rsquo;en cas d&rsquo;annulation on se fasse rembourser ou qu&rsquo;on puisse sans frais suppl\u00e9mentaires bouger les dates du voyage. Pour \u00e7a on a sign\u00e9 une assurance annulation avec le fameux Livret ETI monde du TCS Suisse, qui reste la solution qui offre le meilleur rapport qualit\u00e9\/prix du pays.<\/p>\n<p>Niveau assurances, on devrait donc \u00eatre OK.<\/p>\n","protected":false},"excerpt":{"rendered":"<p>Venant de Suisse, nous sommes confront\u00e9s \u00e0 un probl\u00e8me que peu de site et blogs francophones relatent : le probl\u00e8me des assurances maladie! Bien que [&#8230;]<\/p>\n","protected":false},"author":1,"featured_media":0,"parent":3798,"menu_order":0,"comment_status":"closed","ping_status":"closed","template":"","meta":{"jetpack_post_was_ever_published":false},"_links":{"self":[{"href":"https:\/\/www.untourdumonde.ch\/index.php\/wp-json\/wp\/v2\/pages\/3731"}],"collection":[{"href":"https:\/\/www.untourdumonde.ch\/index.php\/wp-json\/wp\/v2\/pages"}],"about":[{"href":"https:\/\/www.untourdumonde.ch\/index.php\/wp-json\/wp\/v2\/types\/page"}],"author":[{"embeddable":true,"href":"https:\/\/www.untourdumonde.ch\/index.php\/wp-json\/wp\/v2\/users\/1"}],"replies":[{"embeddable":true,"href":"https:\/\/www.untourdumonde.ch\/index.php\/wp-json\/wp\/v2\/comments?post=3731"}],"version-history":[{"count":8,"href":"https:\/\/www.untourdumonde.ch\/index.php\/wp-json\/wp\/v2\/pages\/3731\/revisions"}],"predecessor-version":[{"id":14034,"href":"https:\/\/www.untourdumonde.ch\/index.php\/wp-json\/wp\/v2\/pages\/3731\/revisions\/14034"}],"up":[{"embeddable":true,"href":"https:\/\/www.untourdumonde.ch\/index.php\/wp-json\/wp\/v2\/pages\/3798"}],"wp:attachment":[{"href":"https:\/\/www.untourdumonde.ch\/index.php\/wp-json\/wp\/v2\/media?parent=3731"}],"curies":[{"name":"wp","href":"https:\/\/api.w.org\/{rel}","templated":true}]}}