{"id":3796,"date":"2015-10-08T13:38:09","date_gmt":"2015-10-08T13:38:09","guid":{"rendered":"http:\/\/www.untourdumonde.ch\/?page_id=3796"},"modified":"2022-04-26T13:54:06","modified_gmt":"2022-04-26T11:54:06","slug":"ecole","status":"publish","type":"page","link":"https:\/\/www.untourdumonde.ch\/index.php\/preparatifs\/ecole\/","title":{"rendered":"Ecole"},"content":{"rendered":"<p><img decoding=\"async\" class=\"alignnone size-full wp-image-3862\" src=\"https:\/\/www.untourdumonde.ch\/wp-content\/uploads\/2015\/10\/cropped-a.jpg\" alt=\"\" width=\"940\" height=\"200\" srcset=\"https:\/\/www.untourdumonde.ch\/wp-content\/uploads\/2015\/10\/cropped-a.jpg 940w, https:\/\/www.untourdumonde.ch\/wp-content\/uploads\/2015\/10\/cropped-a-300x64.jpg 300w\" sizes=\"(max-width: 940px) 100vw, 940px\" \/>Ah, l&rsquo;\u00e9cole&#8230; Parce que partir une ann\u00e9e en voyage ne veut pas dire qu&rsquo;on aura une ann\u00e9e de vacances, le sujet de l&rsquo;\u00e9cole est l&rsquo;un des premier qui revient dans les questions des gens avec qui on discute de notre projet. Il a aussi \u00e9t\u00e9 l&rsquo;une des question de base \u00e0 laquelle on a du r\u00e9pondre pour d\u00e9finir notre projet.<\/p>\n<p>Dans la pratique, il est possible de d\u00e9scolariser ses enfants pour une ann\u00e9e, et de continuer \u00e0 leur prodiguer un enseignement. C&rsquo;est ce que nous allons faire, les parents se transformerons en profs de math, de fran\u00e7ais et d&rsquo;allemand durant l&rsquo;ann\u00e9e scolaire 2016\/2017.\u00a0 Louis suivra le programme de 7H, Arno celui de 6H et Mathilde celui de 3H. Des contacts t\u00e9l\u00e9phoniques ont \u00e9t\u00e9 pris avec la direction des \u00e9coles et des formulaires ont \u00e9t\u00e9 envoy\u00e9s \u00e0 la commission scolaire du village dans le courant du mois d&rsquo;octobre 2015. Et d\u00e9but 2016 nous avons re\u00e7u une lettre du d\u00e9partement de l&rsquo;\u00e9ducation pour confirmer que nous pourrons sortir les enfants de l&rsquo;\u00e9cole pour l&rsquo;ann\u00e9e 2016\/2017.<\/p>\n<p>Les professeurs de Venth\u00f4ne nous ont pr\u00e9par\u00e9 du mat\u00e9riel p\u00e9dagogique, sur papier mais aussi sur support informatis\u00e9, et surtout une liste d&rsquo;objectifs et un planning qui nous permettront de toujours nous situer par rapport \u00e0 ce que feront les copains de classe en Suisse. Un grand merci \u00e0 eux de nous avoir pr\u00e9par\u00e9 tout cela !<\/p>\n<p><a href=\"https:\/\/www.untourdumonde.ch\/wp-content\/uploads\/2016\/06\/DSC_01141.jpg\"><img decoding=\"async\" class=\"aligncenter wp-image-4380 size-medium\" src=\"https:\/\/www.untourdumonde.ch\/wp-content\/uploads\/2016\/06\/DSC_01141-300x169.jpg\" alt=\"DSC_0114[1]\" width=\"300\" height=\"169\" srcset=\"https:\/\/www.untourdumonde.ch\/wp-content\/uploads\/2016\/06\/DSC_01141-300x169.jpg 300w, https:\/\/www.untourdumonde.ch\/wp-content\/uploads\/2016\/06\/DSC_01141-768x432.jpg 768w, https:\/\/www.untourdumonde.ch\/wp-content\/uploads\/2016\/06\/DSC_01141-1024x576.jpg 1024w, https:\/\/www.untourdumonde.ch\/wp-content\/uploads\/2016\/06\/DSC_01141.jpg 2048w\" sizes=\"(max-width: 300px) 100vw, 300px\" \/><\/a>.<\/p>\n","protected":false},"excerpt":{"rendered":"<p>Ah, l&rsquo;\u00e9cole&#8230; Parce que partir une ann\u00e9e en voyage ne veut pas dire qu&rsquo;on aura une ann\u00e9e de vacances, le sujet de l&rsquo;\u00e9cole est l&rsquo;un [&#8230;]<\/p>\n","protected":false},"author":1,"featured_media":0,"parent":3798,"menu_order":0,"comment_status":"closed","ping_status":"closed","template":"","meta":{"jetpack_post_was_ever_published":false},"_links":{"self":[{"href":"https:\/\/www.untourdumonde.ch\/index.php\/wp-json\/wp\/v2\/pages\/3796"}],"collection":[{"href":"https:\/\/www.untourdumonde.ch\/index.php\/wp-json\/wp\/v2\/pages"}],"about":[{"href":"https:\/\/www.untourdumonde.ch\/index.php\/wp-json\/wp\/v2\/types\/page"}],"author":[{"embeddable":true,"href":"https:\/\/www.untourdumonde.ch\/index.php\/wp-json\/wp\/v2\/users\/1"}],"replies":[{"embeddable":true,"href":"https:\/\/www.untourdumonde.ch\/index.php\/wp-json\/wp\/v2\/comments?post=3796"}],"version-history":[{"count":6,"href":"https:\/\/www.untourdumonde.ch\/index.php\/wp-json\/wp\/v2\/pages\/3796\/revisions"}],"predecessor-version":[{"id":14036,"href":"https:\/\/www.untourdumonde.ch\/index.php\/wp-json\/wp\/v2\/pages\/3796\/revisions\/14036"}],"up":[{"embeddable":true,"href":"https:\/\/www.untourdumonde.ch\/index.php\/wp-json\/wp\/v2\/pages\/3798"}],"wp:attachment":[{"href":"https:\/\/www.untourdumonde.ch\/index.php\/wp-json\/wp\/v2\/media?parent=3796"}],"curies":[{"name":"wp","href":"https:\/\/api.w.org\/{rel}","templated":true}]}}