{"id":4266,"date":"2016-04-03T20:07:51","date_gmt":"2016-04-03T19:07:51","guid":{"rendered":"https:\/\/www.untourdumonde.ch\/?page_id=4266"},"modified":"2022-04-26T16:44:00","modified_gmt":"2022-04-26T14:44:00","slug":"les-sacs-a-dos","status":"publish","type":"page","link":"https:\/\/www.untourdumonde.ch\/index.php\/les-sacs-a-dos\/","title":{"rendered":"Les sacs \u00e0 dos"},"content":{"rendered":"<p><img decoding=\"async\" class=\"alignnone size-full wp-image-4264\" src=\"https:\/\/www.untourdumonde.ch\/wp-content\/uploads\/2016\/04\/DSC_1093-Medium.jpg\" alt=\"\" width=\"1151\" height=\"768\" srcset=\"https:\/\/www.untourdumonde.ch\/wp-content\/uploads\/2016\/04\/DSC_1093-Medium.jpg 1151w, https:\/\/www.untourdumonde.ch\/wp-content\/uploads\/2016\/04\/DSC_1093-Medium-300x200.jpg 300w, https:\/\/www.untourdumonde.ch\/wp-content\/uploads\/2016\/04\/DSC_1093-Medium-768x512.jpg 768w, https:\/\/www.untourdumonde.ch\/wp-content\/uploads\/2016\/04\/DSC_1093-Medium-1024x683.jpg 1024w\" sizes=\"(max-width: 1151px) 100vw, 1151px\" \/>Quand on d\u00e9cide de partir faire un tour du monde \u00ab\u00a0sac au dos\u00a0\u00bb&#8230; ben le choix du sac \u00e0 dos justement est un point relativement important, car bien plus qu&rsquo;un simple accessoire de voyage, ce sac sera notre maison, notre armoire \u00e0 pharmacie, notre biblioth\u00e8que, notre bureau, notre penderie, enfin pour r\u00e9sumer \u00e7a va \u00eatre la seule chose qu&rsquo;on aura avec nous durant tout ce voyage (heu&#8230; enfin&#8230; jusqu&rsquo;\u00e0 ce qu&rsquo;on s&rsquo;en fasse piquer un ou que les transports nous l&rsquo;\u00e9garent, mais passons&#8230; ) !<\/p>\n<p>En nous penchant sur le sujet, on a pu lire pas mal d&rsquo;avis, de conseils, de tests de diverses marques, et pour r\u00e9sumer le tout on peut dire qu&rsquo;au final il y a deux \u00e9coles : ceux qui prennent du D\u00e9cathlon, avec un prix raisonnable, pour une qualit\u00e9 semble-t-il tout \u00e0 fait convenable, on n&rsquo;a pas eu l&rsquo;occasion de lire des commentaires d\u00e9\u00e7us \u00e0 propos de ce mat\u00e9riel, et ceux qui partent avec du mat\u00e9riel de marque plus orient\u00e9e trekking (Deuter, Mammut, &#8230;) en passant par un magasin sp\u00e9cialis\u00e9. Dans le cas des sacs de marque, tout le monde s&rsquo;accorde \u00e0 dire que la solidit\u00e9, le confort et la technicit\u00e9 des sacs sont impeccables, mais que tout cela a un prix, souvent d\u00e9raisonnable, ou du moins bien plus \u00e9lev\u00e9 que ce qu&rsquo;on trouve chez D\u00e9cathlon.<\/p>\n<p>Avec le choix de la marque vient le choix du litrage : trop petit on sera bloqu\u00e9 niveau place, et trop grand on n&rsquo;arrivera plus \u00e0 d\u00e9placer les sacs ! Au final, on a donc opt\u00e9 pour des mod\u00e8le de grande capacit\u00e9, en se disant qu&rsquo;on essaierai de limiter le poids emport\u00e9 dans ces sacs \u00e0 dos, mais qu&rsquo;il fallait mieux avoir trop de place et serrer les sangles que de ne pas savoir o\u00f9 mettre nos affaires faute de place.<\/p>\n<p>Pour les enfants, le choix du litrage (et donc du mod\u00e8le de sacs) a \u00e9t\u00e9 aussi le sujet de nombreuses r\u00e9flexions et lectures&#8230; Au final, avec l&rsquo;aide du shop <a href=\"http:\/\/www.boosport.ch\" target=\"_blank\" rel=\"noopener\">BooSport.ch<\/a> (qu&rsquo;on remercie chaleureusement pour leur patience et les commandes \u00ab\u00a0sur mesure\u00a0\u00bb effectu\u00e9es aupr\u00e8s des fournisseurs) on a pu essayer de nombreux sacs pour trouver notre bonheur ! On est arriv\u00e9 \u00e0 la m\u00eame conclusion que pour les sacs d&rsquo;adultes : mieux vaut avoir un grand sac qu&rsquo;on ne remplira pas totalement, et qui permettra d&rsquo;ajouter un doudou ou une babiole en cours de route, qu&rsquo;un mini sac blind\u00e9 et dans lequel on ne pourrait plus ajouter quoi que ce soit. Les tests effectu\u00e9s nous ont aussi permis de voir que des sacs sp\u00e9cifiques pour les enfants sont n\u00e9cessaires, m\u00eame pour Louis qui a 10 ans un petit mod\u00e8le \u00ab\u00a0femme\u00a0\u00bb n&rsquo;est pas adapt\u00e9 du tout ! Et l\u00e0, ben il n&rsquo; avait pas 36 solutions, le seul fournisseur qui proposait des litrages assez sympa dans des mod\u00e8les junior c&rsquo;est Deuter avec ses mod\u00e8le \u00ab\u00a0Climber\u00a0\u00bb (22 litres) et \u00ab\u00a0Fox\u00a0\u00bb (30 litres et 40 litres). Sangles ventrales adapt\u00e9es, r\u00e9glages multiples, beaucoup de poches, bref, de vrais sacs de randonn\u00e9e qui devraient nous permettre de barouder tranquillement durant l&rsquo;ann\u00e9e \u00e0 venir.<\/p>\n<p><a href=\"https:\/\/www.untourdumonde.ch\/wp-content\/uploads\/2016\/04\/DSC_1088-Medium-e1459708117653.jpg\"><img decoding=\"async\" class=\"aligncenter size-medium wp-image-4260\" src=\"https:\/\/www.untourdumonde.ch\/wp-content\/uploads\/2016\/04\/DSC_1088-Medium-e1459708117653-200x300.jpg\" alt=\"DSC_1088 (Medium)\" width=\"200\" height=\"300\" srcset=\"https:\/\/www.untourdumonde.ch\/wp-content\/uploads\/2016\/04\/DSC_1088-Medium-e1459708117653-200x300.jpg 200w, https:\/\/www.untourdumonde.ch\/wp-content\/uploads\/2016\/04\/DSC_1088-Medium-e1459708117653.jpg 768w, https:\/\/www.untourdumonde.ch\/wp-content\/uploads\/2016\/04\/DSC_1088-Medium-e1459708117653-683x1024.jpg 683w\" sizes=\"(max-width: 200px) 100vw, 200px\" \/><\/a><\/p>\n<p><a href=\"https:\/\/www.untourdumonde.ch\/wp-content\/uploads\/2016\/04\/DSC_1087-Medium-e1459708106673.jpg\"><img decoding=\"async\" class=\"aligncenter size-medium wp-image-4259\" src=\"https:\/\/www.untourdumonde.ch\/wp-content\/uploads\/2016\/04\/DSC_1087-Medium-e1459708106673-200x300.jpg\" alt=\"DSC_1087 (Medium)\" width=\"200\" height=\"300\" srcset=\"https:\/\/www.untourdumonde.ch\/wp-content\/uploads\/2016\/04\/DSC_1087-Medium-e1459708106673-200x300.jpg 200w, https:\/\/www.untourdumonde.ch\/wp-content\/uploads\/2016\/04\/DSC_1087-Medium-e1459708106673.jpg 768w, https:\/\/www.untourdumonde.ch\/wp-content\/uploads\/2016\/04\/DSC_1087-Medium-e1459708106673-683x1024.jpg 683w\" sizes=\"(max-width: 200px) 100vw, 200px\" \/><\/a><\/p>\n<p><a href=\"https:\/\/www.untourdumonde.ch\/wp-content\/uploads\/2016\/04\/DSC_1086-Medium-e1459708096482.jpg\"><img decoding=\"async\" class=\"aligncenter size-medium wp-image-4258\" src=\"https:\/\/www.untourdumonde.ch\/wp-content\/uploads\/2016\/04\/DSC_1086-Medium-e1459708096482-200x300.jpg\" alt=\"DSC_1086 (Medium)\" width=\"200\" height=\"300\" srcset=\"https:\/\/www.untourdumonde.ch\/wp-content\/uploads\/2016\/04\/DSC_1086-Medium-e1459708096482-200x300.jpg 200w, https:\/\/www.untourdumonde.ch\/wp-content\/uploads\/2016\/04\/DSC_1086-Medium-e1459708096482.jpg 768w, https:\/\/www.untourdumonde.ch\/wp-content\/uploads\/2016\/04\/DSC_1086-Medium-e1459708096482-683x1024.jpg 683w\" sizes=\"(max-width: 200px) 100vw, 200px\" \/><\/a><\/p>\n<p>Pour les adultes, on s&rsquo;est aussi rabattus sur les mod\u00e8les Deuter AirContact Pro (60 + 15l pour Etienne, 55 + 15l pour Anne). L\u00e0 aussi, un grand confort de portage, des poches partout, des sangles pour r\u00e9gler pr\u00e9cis\u00e9ment le serrage, une protection anti-pluie, bref, du costaud&#8230; Et pour assurer durant les voyages en avion ou en car, on a pris des housses de transport qui permettent de ranger nos sacs bien \u00e0 l&rsquo;abris, sans sangles qui tra\u00eenent, et sans risque de sortir tremp\u00e9s d&rsquo;un trajet sur un toit de bus alors qu&rsquo;il pleut&#8230; Si c&rsquo;est pas du luxe tout \u00e7a !!!??<\/p>\n<p><a href=\"https:\/\/www.untourdumonde.ch\/wp-content\/uploads\/2016\/04\/DSC_1090-Medium-e1459708135212.jpg\"><img decoding=\"async\" class=\"aligncenter wp-image-4262 size-medium\" src=\"https:\/\/www.untourdumonde.ch\/wp-content\/uploads\/2016\/04\/DSC_1090-Medium-e1459708135212-200x300.jpg\" alt=\"DSC_1090 (Medium)\" width=\"200\" height=\"300\" srcset=\"https:\/\/www.untourdumonde.ch\/wp-content\/uploads\/2016\/04\/DSC_1090-Medium-e1459708135212-200x300.jpg 200w, https:\/\/www.untourdumonde.ch\/wp-content\/uploads\/2016\/04\/DSC_1090-Medium-e1459708135212.jpg 768w, https:\/\/www.untourdumonde.ch\/wp-content\/uploads\/2016\/04\/DSC_1090-Medium-e1459708135212-683x1024.jpg 683w\" sizes=\"(max-width: 200px) 100vw, 200px\" \/><\/a><\/p>\n<p><a href=\"https:\/\/www.untourdumonde.ch\/wp-content\/uploads\/2016\/04\/DSC_1089-Medium-e1459708126326.jpg\"><img decoding=\"async\" class=\"aligncenter size-medium wp-image-4261\" src=\"https:\/\/www.untourdumonde.ch\/wp-content\/uploads\/2016\/04\/DSC_1089-Medium-e1459708126326-200x300.jpg\" alt=\"DSC_1089 (Medium)\" width=\"200\" height=\"300\" srcset=\"https:\/\/www.untourdumonde.ch\/wp-content\/uploads\/2016\/04\/DSC_1089-Medium-e1459708126326-200x300.jpg 200w, https:\/\/www.untourdumonde.ch\/wp-content\/uploads\/2016\/04\/DSC_1089-Medium-e1459708126326.jpg 768w, https:\/\/www.untourdumonde.ch\/wp-content\/uploads\/2016\/04\/DSC_1089-Medium-e1459708126326-683x1024.jpg 683w\" sizes=\"(max-width: 200px) 100vw, 200px\" \/><\/a><\/p>\n<p>Voil\u00e0, vous connaissez notre maison de l&rsquo;ann\u00e9e prochaine !!! On vous tiendra bien entendu au courant de l&rsquo;utilisation, des avantages et inconv\u00e9nients du mat\u00e9riel choisi au fur et \u00e0 mesure du voyage !<\/p>\n<p>Comme on l&rsquo;a \u00e9crit, on a pris \u00ab\u00a0gros\u00a0\u00bb, et pourtant, quand on imagine que tout devra rentrer l\u00e0 dedans, \u00e7a nous fait quand m\u00eame un peu flipper \ud83d\ude42<\/p>\n<p><a href=\"https:\/\/www.untourdumonde.ch\/wp-content\/uploads\/2016\/04\/DSC_1085-Medium.jpg\"><img decoding=\"async\" class=\"alignleft wp-image-4257 size-large\" src=\"https:\/\/www.untourdumonde.ch\/wp-content\/uploads\/2016\/04\/DSC_1085-Medium-1024x683.jpg\" alt=\"DSC_1085 (Medium)\" width=\"1024\" height=\"683\" srcset=\"https:\/\/www.untourdumonde.ch\/wp-content\/uploads\/2016\/04\/DSC_1085-Medium-1024x683.jpg 1024w, https:\/\/www.untourdumonde.ch\/wp-content\/uploads\/2016\/04\/DSC_1085-Medium-300x200.jpg 300w, https:\/\/www.untourdumonde.ch\/wp-content\/uploads\/2016\/04\/DSC_1085-Medium-768x512.jpg 768w, https:\/\/www.untourdumonde.ch\/wp-content\/uploads\/2016\/04\/DSC_1085-Medium.jpg 1151w\" sizes=\"(max-width: 1024px) 100vw, 1024px\" \/><\/a><\/p>\n<p><a href=\"https:\/\/www.untourdumonde.ch\/wp-content\/uploads\/2016\/04\/DSC_1092-Medium.jpg\"><img decoding=\"async\" class=\"alignright wp-image-4263 size-full\" src=\"https:\/\/www.untourdumonde.ch\/wp-content\/uploads\/2016\/04\/DSC_1092-Medium.jpg\" alt=\"DSC_1092 (Medium)\" width=\"1151\" height=\"768\" srcset=\"https:\/\/www.untourdumonde.ch\/wp-content\/uploads\/2016\/04\/DSC_1092-Medium.jpg 1151w, https:\/\/www.untourdumonde.ch\/wp-content\/uploads\/2016\/04\/DSC_1092-Medium-300x200.jpg 300w, https:\/\/www.untourdumonde.ch\/wp-content\/uploads\/2016\/04\/DSC_1092-Medium-768x512.jpg 768w, https:\/\/www.untourdumonde.ch\/wp-content\/uploads\/2016\/04\/DSC_1092-Medium-1024x683.jpg 1024w\" sizes=\"(max-width: 1151px) 100vw, 1151px\" \/><\/a><\/p>\n","protected":false},"excerpt":{"rendered":"<p>Quand on d\u00e9cide de partir faire un tour du monde \u00ab\u00a0sac au dos\u00a0\u00bb&#8230; ben le choix du sac \u00e0 dos justement est un point relativement [&#8230;]<\/p>\n","protected":false},"author":1,"featured_media":0,"parent":0,"menu_order":0,"comment_status":"closed","ping_status":"closed","template":"","meta":{"jetpack_post_was_ever_published":false},"_links":{"self":[{"href":"https:\/\/www.untourdumonde.ch\/index.php\/wp-json\/wp\/v2\/pages\/4266"}],"collection":[{"href":"https:\/\/www.untourdumonde.ch\/index.php\/wp-json\/wp\/v2\/pages"}],"about":[{"href":"https:\/\/www.untourdumonde.ch\/index.php\/wp-json\/wp\/v2\/types\/page"}],"author":[{"embeddable":true,"href":"https:\/\/www.untourdumonde.ch\/index.php\/wp-json\/wp\/v2\/users\/1"}],"replies":[{"embeddable":true,"href":"https:\/\/www.untourdumonde.ch\/index.php\/wp-json\/wp\/v2\/comments?post=4266"}],"version-history":[{"count":9,"href":"https:\/\/www.untourdumonde.ch\/index.php\/wp-json\/wp\/v2\/pages\/4266\/revisions"}],"predecessor-version":[{"id":14049,"href":"https:\/\/www.untourdumonde.ch\/index.php\/wp-json\/wp\/v2\/pages\/4266\/revisions\/14049"}],"wp:attachment":[{"href":"https:\/\/www.untourdumonde.ch\/index.php\/wp-json\/wp\/v2\/media?parent=4266"}],"curies":[{"name":"wp","href":"https:\/\/api.w.org\/{rel}","templated":true}]}}