{"id":4401,"date":"2016-06-09T22:45:16","date_gmt":"2016-06-09T20:45:16","guid":{"rendered":"https:\/\/www.untourdumonde.ch\/?page_id=4401"},"modified":"2022-04-26T13:52:26","modified_gmt":"2022-04-26T11:52:26","slug":"les-moyens-de-paiement","status":"publish","type":"page","link":"https:\/\/www.untourdumonde.ch\/index.php\/preparatifs\/les-moyens-de-paiement\/","title":{"rendered":"Les moyens de paiement"},"content":{"rendered":"<p><img decoding=\"async\" class=\"alignnone size-full wp-image-4405\" src=\"https:\/\/www.untourdumonde.ch\/wp-content\/uploads\/2016\/06\/Credit-Cards.jpg\" alt=\"\" width=\"2048\" height=\"1229\" srcset=\"https:\/\/www.untourdumonde.ch\/wp-content\/uploads\/2016\/06\/Credit-Cards.jpg 2048w, https:\/\/www.untourdumonde.ch\/wp-content\/uploads\/2016\/06\/Credit-Cards-300x180.jpg 300w, https:\/\/www.untourdumonde.ch\/wp-content\/uploads\/2016\/06\/Credit-Cards-768x461.jpg 768w, https:\/\/www.untourdumonde.ch\/wp-content\/uploads\/2016\/06\/Credit-Cards-1024x614.jpg 1024w\" sizes=\"(max-width: 2048px) 100vw, 2048px\" \/>Le choix des moyens de paiement durant le voyage est un point qui doit \u00eatre bien r\u00e9fl\u00e9chi. En effet, l\u2019argent restant le nerf de la guerre, il est primordial de ne pas avoir \u00e0 se casser la t\u00eate en cours de route pour pouvoir sortir quelques billets au distributeur du coin ou pour payer sa chambre d\u2019h\u00f4tel et d\u2019avoir avec soi des cartes de cr\u00e9dit pour les divers paiements auxquels on devra faire face.<\/p>\n<p>Durant le voyage, il semble \u00e9vident et logique de minimiser la somme de cash que l\u2019on aura sur soi, afin de minimiser les risques de perte ou de vol. Le corollaire \u00e0 cette \u00e9vidence c\u2019est que l\u2019on devra souvent retirer des petites sommes aux distributeurs des pays concern\u00e9s, ou que l\u2019on devra proc\u00e9der aux paiements via notre carte de cr\u00e9dit.<\/p>\n<p>Apr\u00e8s avoir lu les (tr\u00e8s) passionnantes conditions g\u00e9n\u00e9rales de divers instituts financiers, nous avons d\u00e9cid\u00e9 d\u2019ouvrir un compte sp\u00e9cifique \u00e0 notre voyage aupr\u00e8s de Postfinance Suisse. Ces derniers offrent en effet la gratuit\u00e9 totale pour retirer des billets aupr\u00e8s de n\u2019importe quel distributeur, et cela dans le monde entier\u2026 (pour autant que l\u2019on ait un patrimoine de 25&rsquo;000 chf sur nos comptes postaux, ce qui sera le cas pour nous, en tous les cas au d\u00e9but du voyage). Quand je vois que ma banque suisse me ponctionne 2.- chf pour chaque retrait en Suisse dans le distributeur de la concurrence, \u00e7a laisse r\u00eaveur. Ainsi, il sera possible d\u2019aller retirer autant de fois que n\u00e9cessaire des billets dans les bancomats du monde entier. Et donc on minimisera les risques de perte ou de vol de cash qu\u2019on aurait sur nous. Ah, en parlant de vol ou de perte, on a pris deux cartes (principal et partenaire) afin de minimiser encore le risque, \u00e7a serait vraiment pas de chance si les deux cartes, conserv\u00e9es \u00e0 des endroits diff\u00e9rents, venaient \u00e0 dispara\u00eetre en m\u00eame temps\u2026 Et quand bien m\u00eame, on pourra en tout temps demander \u00e0\u00a0 Postfinance le remplacement des cartes dans un d\u00e9lai assez court (du moins sur le papier).<\/p>\n<p>Concernant les cartes de cr\u00e9dit, nous avons apr\u00e8s de nombreuses aventures (voir plus bas pour ceux que cela int\u00e9resse) opt\u00e9 pour la combinaison suivante\u00a0:<\/p>\n<ul>\n<li>Une carte de cr\u00e9dit VISA de Postfinance (\u00e9metteur Postfinance) + sa jumelle (carte partenaire)<\/li>\n<li>Une carte MasterCard de la Migros (\u00e9metteur Cembra Bank)<\/li>\n<\/ul>\n<p>La visa nous offre une s\u00e9rie d\u2019avantage (on a opt\u00e9 pour la platimium, un peu plus ch\u00e8re mais pleine d\u2019avantages sympas pour nous en voyage et elle se remboursera avec le programme de bonus) et nous permettra de retirer de l\u2019argent partout dans le monde gratuitement. La MasterCard \u00e9tant plus notre carte de r\u00e9serve, elle continuera de fonctionner si on devait bloquer la Visa. Il est \u00e0 notre avis primordial de ne pas avoir une seule carte car en cas de vol, de perte ou d\u2019utilisation abusive entra\u00eenant le blocage de la carte on se retrouve vite bec dans l\u2019eau (r\u00e9servation par internet impossible, etc\u2026). Et attention \u00e0 avoir deux \u00e9metteurs diff\u00e9rents, sinon le blocage d\u2019une carte entra\u00eene syst\u00e9matiquement le blocage de toutes les cartes li\u00e9es au compte.<\/p>\n<p>Pour les plus curieux, ou les plus courageux, ou pour ceux qui ont \u00e9t\u00e9 punis et qui doivent lire jusqu\u2019au bout cet article, voici comment on est arriv\u00e9 \u00e0 notre combinaison de cartes de cr\u00e9dit\u2026<\/p>\n<p>Au d\u00e9but, on avait notre carte suisse\u00a0\u00bbnormale\u00a0\u00bb \u00a0(Visa de la Coop en l\u2019occurrence). En pr\u00e9vision du voyage (pour avoir une limite suffisante et pour minimiser le risque de perte ou de vol, toujours dans l\u2019id\u00e9e de dispatcher les cartes \u00e0 plusieurs endroits) j\u2019ai souscrit \u00e0 un autre jeu de cartes de cr\u00e9dit (via le programme de fid\u00e9lisation des compagnies a\u00e9riennes \u00ab\u00a0Miles&amp;More\u00a0\u00bb). Seul hic, constat\u00e9 par hasard quelques semaines plus tard, ces trois cartes de cr\u00e9dit venaient du m\u00eame \u00e9metteur (CardCenter), et du coup je n\u2019y avais qu\u2019un compte avec 3 cartes\u2026 Cons\u00e9quence, lorsque l\u2019une des 3 carte est bloqu\u00e9e, c\u2019est l\u2019entier de mon compte qui est bloqu\u00e9\u00a0! Pas bien pratique quand justement on veut diversifier les choses pour \u00e9viter d\u2019avoir tout qui marche ou tout qui bloque en m\u00eame temps. Bref, fort de ce constat, on baisse la limite de premi\u00e8re carte VISA de la Coop au max et on se dit qu\u2019on utilisera les deux autres\u2026. Et on repart dans l\u2019id\u00e9e d\u2019avoir tout de m\u00eame des cartes d\u2019\u00e9metteurs diff\u00e9rents pour pouvoir utiliser une carte si l\u2019autre est bloqu\u00e9e. On commande donc une \u2026 quatri\u00e8me carte (attention, suivez bien, \u00e7a commence \u00e0 se corser\u2026) chez un autre \u00e9metteur. L\u00e0 on part sur la MasterCard gratos de la Migros, \u00e9mise chez Cembra Bank. Demande accept\u00e9e, on r\u00e9capitule donc\u00a0:<\/p>\n<ul>\n<li>Une carte VISA avec 200.- de limite, carte de secours \u00e0 donner \u00e0 d\u2019\u00e9ventuels voleurs et \u00e0 stocker dans un portemonnaie \u00ab\u00a0factice\u00a0\u00bb, de chez CardCenter (la carte, pas le portemonnaie\u2026)<\/li>\n<li>Deux cartes Miles&amp;More avec une limite confortable (de chez Miles&amp;More)<\/li>\n<li>Une carte MasterCard de la Migros \u00e9mise par Cembra Bank<\/li>\n<\/ul>\n<p>Afin d\u2019aller au bout de la r\u00e9flexion, on demande de pouvoir proc\u00e9der au d\u00e9bit direct pour que les d\u00e9penses faites avec les cartes de cr\u00e9dit d\u00e9bitent directement notre compte postal, celui sur lequel on a vers\u00e9 tous nos sous du voyage\u2026 Et l\u00e0, surprise\u00a0: \u00ab\u00a0Non monsieur, CardCenter n\u2019accepte pas le d\u00e9bit direct sur les comptes postaux\u00a0\u2026\u00a0\u00bb\u00a0! Heu\u2026 mais on n\u2019aura qu\u2019un compte postal nous\u2026 et si on doit faire manuellement ou via ebanking des versements du compte postal vers un compte bancaire \u00e0 chaque fois qu\u2019on utilise nos cartes de cr\u00e9dit, autant payer sur la base de la facture \u00e9lectronique\u2026 Bref, y a un hic\u2026 On veut vraiment avoir une autonomie, que la carte de cr\u00e9dit que l\u2019on utilisera uniquement en voyage d\u00e9bite le compte avec nos sous du voyage, sans qu\u2019on ait rien \u00e0 faire.<\/p>\n<p>On d\u00e9cide donc d\u2019annuler les cartes Miles&amp;More et la VISA de la Coop, vu qu\u2019on ne peut pas faire de d\u00e9bit direct dessus autant les garder elles aussi comme cartes factices au fond d\u2019un portemonnaie. Ayant annul\u00e9 les\u00a0 cartes Mles&amp;More, ayant baiss\u00e9 la limite de la Visa de la Coop \u00e0 200.- chf, on n\u2019a donc plus que la MasterCard de la Migros et ce n\u2019est pas suffisant. On a alors parcouru les autres \u00e9metteurs de cartes, et on s\u2019est pench\u00e9 un peu plus en d\u00e9tails sur les offres de cartes de cr\u00e9dit de Postfinance. Comme on avait notre compte voyage chez eux c\u2019\u00e9tait une alternative qui tenait la route. Au final, on a opt\u00e9 pour la Visa Platinium de Postfinance, qui offrait une s\u00e9rie d\u2019avantages dont on va profiter durant le voyage (protection de la franchise en cas de location de voiture, programme de bonus, retrait sans frais dans le monde entier, etc\u2026) et surtout qui permet le d\u00e9bit direct de notre compte postal (\u00e9videmment).<\/p>\n<p>Bref, tout \u00e7a pour vous expliquer un peu toutes ces d\u00e9marches au travers desquelles il faut passer, toutes les choses, qui en principe sont des d\u00e9tails mais qui l\u00e0 doivent \u00eatre r\u00e9gl\u00e9s et s\u00fbrs, toutes ces petites choses qu\u2019il faut r\u00e9gler pour ensuite pouvoir profiter du voyage\u00a0! Avec ces cartes e cr\u00e9dit on a \u00e9t\u00e9 de malchance en malchance, on aurait certainement pu \u00e9viter quelques surprises si on avait mieux lu (quoique\u2026) mais au final on se retrouve avec ce qu\u2019il faut, comme il faut\u2026 Il y a plus qu\u2019\u00e0 faire chauffer les cartes de cr\u00e9dit maintenant\u00a0J<\/p>\n","protected":false},"excerpt":{"rendered":"<p>Le choix des moyens de paiement durant le voyage est un point qui doit \u00eatre bien r\u00e9fl\u00e9chi. En effet, l\u2019argent restant le nerf de la [&#8230;]<\/p>\n","protected":false},"author":1,"featured_media":0,"parent":3798,"menu_order":0,"comment_status":"closed","ping_status":"closed","template":"","meta":{"jetpack_post_was_ever_published":false},"_links":{"self":[{"href":"https:\/\/www.untourdumonde.ch\/index.php\/wp-json\/wp\/v2\/pages\/4401"}],"collection":[{"href":"https:\/\/www.untourdumonde.ch\/index.php\/wp-json\/wp\/v2\/pages"}],"about":[{"href":"https:\/\/www.untourdumonde.ch\/index.php\/wp-json\/wp\/v2\/types\/page"}],"author":[{"embeddable":true,"href":"https:\/\/www.untourdumonde.ch\/index.php\/wp-json\/wp\/v2\/users\/1"}],"replies":[{"embeddable":true,"href":"https:\/\/www.untourdumonde.ch\/index.php\/wp-json\/wp\/v2\/comments?post=4401"}],"version-history":[{"count":3,"href":"https:\/\/www.untourdumonde.ch\/index.php\/wp-json\/wp\/v2\/pages\/4401\/revisions"}],"predecessor-version":[{"id":14035,"href":"https:\/\/www.untourdumonde.ch\/index.php\/wp-json\/wp\/v2\/pages\/4401\/revisions\/14035"}],"up":[{"embeddable":true,"href":"https:\/\/www.untourdumonde.ch\/index.php\/wp-json\/wp\/v2\/pages\/3798"}],"wp:attachment":[{"href":"https:\/\/www.untourdumonde.ch\/index.php\/wp-json\/wp\/v2\/media?parent=4401"}],"curies":[{"name":"wp","href":"https:\/\/api.w.org\/{rel}","templated":true}]}}